{"id":14,"date":"2020-01-22T14:59:10","date_gmt":"2020-01-22T14:59:10","guid":{"rendered":"https:\/\/ema.jaja.lt\/?page_id=14"},"modified":"2020-06-18T13:13:00","modified_gmt":"2020-06-18T13:13:00","slug":"pagrindinis","status":"publish","type":"page","link":"https:\/\/autoapetitas.lt\/en\/","title":{"rendered":"Pagrindinis"},"content":{"rendered":"<div style=\"display:block;\"><span class=\"heading\"><h1>Rent<\/h1><div class=\"square\"> <\/div><\/span><\/div>\n\n\n\n<p class=\"tag-line\"> Savo klientams si\u016blome tik techni\u0161kai tvarkingus, patikimus, \u0161varius lengvuosius automobilius, mikroautobusus, komercin\u012f transport\u0105 bei papildom\u0105 \u012frang\u0105. <\/p>\n\n\n\n<div style=\"display:block;\"><h1>Repair<\/h1><div class=\"square\"> <\/div><\/div>\n\n\n\n<p class=\"tag-line\"> Atliekame auk\u0161\u010diausio lygio prie\u017ei\u016bros ir remonto darbus tiek lengviesiems automobiliams, tiek mikroautobusams. <\/p>","protected":false},"excerpt":{"rendered":"<p>NUOMA Savo klientams si\u016blome tik techni\u0161kai tvarkingus, patikimus, \u0161varius lengvuosius automobilius, mikroautobusus, komercin\u012f transport\u0105 bei papildom\u0105 \u012frang\u0105. REMONTAS Atliekame auk\u0161\u010diausio lygio prie\u017ei\u016bros ir remonto darbus tiek lengviesiems automobiliams, tiek mikroautobusams.<\/p>","protected":false},"author":2,"featured_media":15,"parent":0,"menu_order":0,"comment_status":"closed","ping_status":"closed","template":"front-page.php","meta":{"_acf_changed":false,"footnotes":""},"acf":[],"_links":{"self":[{"href":"https:\/\/autoapetitas.lt\/en\/wp-json\/wp\/v2\/pages\/14"}],"collection":[{"href":"https:\/\/autoapetitas.lt\/en\/wp-json\/wp\/v2\/pages"}],"about":[{"href":"https:\/\/autoapetitas.lt\/en\/wp-json\/wp\/v2\/types\/page"}],"author":[{"embeddable":true,"href":"https:\/\/autoapetitas.lt\/en\/wp-json\/wp\/v2\/users\/2"}],"replies":[{"embeddable":true,"href":"https:\/\/autoapetitas.lt\/en\/wp-json\/wp\/v2\/comments?post=14"}],"version-history":[{"count":4,"href":"https:\/\/autoapetitas.lt\/en\/wp-json\/wp\/v2\/pages\/14\/revisions"}],"predecessor-version":[{"id":177,"href":"https:\/\/autoapetitas.lt\/en\/wp-json\/wp\/v2\/pages\/14\/revisions\/177"}],"wp:featuredmedia":[{"embeddable":true,"href":"https:\/\/autoapetitas.lt\/en\/wp-json\/wp\/v2\/media\/15"}],"wp:attachment":[{"href":"https:\/\/autoapetitas.lt\/en\/wp-json\/wp\/v2\/media?parent=14"}],"curies":[{"name":"wp","href":"https:\/\/api.w.org\/{rel}","templated":true}]}}